{"id":2365,"date":"2025-11-17T18:14:53","date_gmt":"2025-11-17T17:14:53","guid":{"rendered":"https:\/\/inwest-management.com\/?post_type=product&#038;p=2365"},"modified":"2026-04-13T14:11:51","modified_gmt":"2026-04-13T12:11:51","slug":"norma-supermarkt-guben","status":"publish","type":"product","link":"https:\/\/inwest-management.com\/ru\/product\/norma-supermarkt-guben\/","title":{"rendered":"Supermarkt in Niedersch\u00f6na"},"content":{"rendered":"<p>Die Immobilie ist vermietet. Hauptmieter ist die Lebensmittelhandelskette Penny. Der Mieter betreibt die Filiale seit 1993, der Mietvertrag l\u00e4uft bis 2029 ohne K\u00fcndigungsrecht, plus 5 Optionen je 3 Jahre. Penny nutzt eine Fl\u00e4che von 850 m\u00b2.<\/p>\n<p>Penny\u00a0ist ein international t\u00e4tiger deutscher\u00a0Lebensmittel-Discounter\u00a0mit\u00a0Filialen\u00a0in Deutschland und f\u00fcnf weiteren europ\u00e4ischen L\u00e4ndern.<\/p>\n<p>2 Gewerbeeinheiten stehen frei zur Vermietung.<\/p>\n<p>Im Jahr 2016 wurde die Verkaufsfl\u00e4che von PENNY erweitert und Objekt umfangreich saniert\/modernisiert.<\/p>\n<p>Im Jahr 2018 wurde die Heizung erneuert.<\/p>\n<p>Sehr guter technischer Zustand.<\/p>","protected":false},"excerpt":{"rendered":"<p>Die Immobilie ist vermietet. Hauptmieter ist die Lebensmittelhandelskette Penny. Der Mieter betreibt die Filiale seit 1993, der Mietvertrag l\u00e4uft bis 2029 ohne K\u00fcndigungsrecht, plus 5 Optionen je 3 Jahre. Penny nutzt eine Fl\u00e4che von 850 m\u00b2. Penny\u00a0ist ein international t\u00e4tiger deutscher\u00a0Lebensmittel-Discounter\u00a0mit\u00a0Filialen\u00a0in Deutschland und f\u00fcnf weiteren europ\u00e4ischen L\u00e4ndern. 2 Gewerbeeinheiten stehen frei zur Vermietung. Im Jahr [&hellip;]<\/p>","protected":false},"featured_media":2444,"comment_status":"open","ping_status":"closed","template":"","meta":{"_acf_changed":false,"_et_pb_use_builder":"off","_et_pb_old_content":"Die Immobilie ist vermietet. Mieter sind die Supermarkt-Kette Netto Marken-Discounter und KiK. Die derzeitigen Mietlaufzeiten betragen: Netto Marken-Discounter: 09\/2034, KiK: 09\/2029.","_et_gb_content_width":""},"product_brand":[],"product_cat":[20],"product_tag":[],"class_list":{"0":"post-2365","1":"product","2":"type-product","3":"status-publish","4":"has-post-thumbnail","6":"product_cat-supermaerkte","8":"first","9":"instock","10":"shipping-taxable","11":"purchasable","12":"product-type-simple"},"acf":[],"_links":{"self":[{"href":"https:\/\/inwest-management.com\/ru\/wp-json\/wp\/v2\/product\/2365","targetHints":{"allow":["GET"]}}],"collection":[{"href":"https:\/\/inwest-management.com\/ru\/wp-json\/wp\/v2\/product"}],"about":[{"href":"https:\/\/inwest-management.com\/ru\/wp-json\/wp\/v2\/types\/product"}],"replies":[{"embeddable":true,"href":"https:\/\/inwest-management.com\/ru\/wp-json\/wp\/v2\/comments?post=2365"}],"wp:featuredmedia":[{"embeddable":true,"href":"https:\/\/inwest-management.com\/ru\/wp-json\/wp\/v2\/media\/2444"}],"wp:attachment":[{"href":"https:\/\/inwest-management.com\/ru\/wp-json\/wp\/v2\/media?parent=2365"}],"wp:term":[{"taxonomy":"product_brand","embeddable":true,"href":"https:\/\/inwest-management.com\/ru\/wp-json\/wp\/v2\/product_brand?post=2365"},{"taxonomy":"product_cat","embeddable":true,"href":"https:\/\/inwest-management.com\/ru\/wp-json\/wp\/v2\/product_cat?post=2365"},{"taxonomy":"product_tag","embeddable":true,"href":"https:\/\/inwest-management.com\/ru\/wp-json\/wp\/v2\/product_tag?post=2365"}],"curies":[{"name":"wp","href":"https:\/\/api.w.org\/{rel}","templated":true}]}}