{"id":2348,"date":"2025-11-17T16:50:46","date_gmt":"2025-11-17T15:50:46","guid":{"rendered":"https:\/\/inwest-management.com\/?post_type=product&#038;p=2348"},"modified":"2026-04-13T14:04:18","modified_gmt":"2026-04-13T12:04:18","slug":"lidl-supermarkt-buetzow","status":"publish","type":"product","link":"https:\/\/inwest-management.com\/ru\/product\/lidl-supermarkt-buetzow\/","title":{"rendered":"LIDL Supermarkt B\u00fctzow"},"content":{"rendered":"<p>Mieter ist der Supermarkt LIDL. LIDL ist seit der Errichtung des Geb\u00e4udes dort ans\u00e4ssig. Der Mietvertrag wurde bis 2055 abgeschlossen, ohne K\u00fcndigungsrecht bis 2040. Im Jahr 2023 wurde die Anlage f\u00fcr 750.000 Euro modernisiert.<\/p>\n<p>LIDL ist eine deutsche Discounter-Supermarktkette, die in den meisten europ\u00e4ischen L\u00e4ndern sowie in den Vereinigten Staaten t\u00e4tig ist. Die Kette geh\u00f6rt zur Schwarz Gruppe (neben der Kaufland-Hyperm\u00e4rkte). Alle LIDL-Filialen im Land werden als eigenst\u00e4ndige Tochtergesellschaften gef\u00fchrt, wobei die Filialen zentral vom Hauptsitz aus verwaltet werden. LIDL ist in 31 L\u00e4ndern weltweit aktiv und betreibt rund 12.000 Einzelhandelsgesch\u00e4fte, ist in fast allen europ\u00e4ischen L\u00e4ndern vertreten und expandiert aktiv auf dem US-amerikanischen Markt.<\/p>","protected":false},"excerpt":{"rendered":"<p>Mieter ist der Supermarkt LIDL. LIDL ist seit der Errichtung des Geb\u00e4udes dort ans\u00e4ssig. Der Mietvertrag wurde bis 2055 abgeschlossen, ohne K\u00fcndigungsrecht bis 2040. Im Jahr 2023 wurde die Anlage f\u00fcr 750.000 Euro modernisiert. LIDL ist eine deutsche Discounter-Supermarktkette, die in den meisten europ\u00e4ischen L\u00e4ndern sowie in den Vereinigten Staaten t\u00e4tig ist. Die Kette geh\u00f6rt [&hellip;]<\/p>","protected":false},"featured_media":2350,"comment_status":"open","ping_status":"closed","template":"","meta":{"_acf_changed":false,"_et_pb_use_builder":"off","_et_pb_old_content":"Die Immobilie ist vermietet. Mieter sind die Supermarkt-Kette Netto Marken-Discounter und KiK. Die derzeitigen Mietlaufzeiten betragen: Netto Marken-Discounter: 09\/2034, KiK: 09\/2029.","_et_gb_content_width":""},"product_brand":[],"product_cat":[20],"product_tag":[],"class_list":{"0":"post-2348","1":"product","2":"type-product","3":"status-publish","4":"has-post-thumbnail","6":"product_cat-supermaerkte","8":"first","9":"instock","10":"shipping-taxable","11":"purchasable","12":"product-type-simple"},"acf":[],"_links":{"self":[{"href":"https:\/\/inwest-management.com\/ru\/wp-json\/wp\/v2\/product\/2348","targetHints":{"allow":["GET"]}}],"collection":[{"href":"https:\/\/inwest-management.com\/ru\/wp-json\/wp\/v2\/product"}],"about":[{"href":"https:\/\/inwest-management.com\/ru\/wp-json\/wp\/v2\/types\/product"}],"replies":[{"embeddable":true,"href":"https:\/\/inwest-management.com\/ru\/wp-json\/wp\/v2\/comments?post=2348"}],"wp:featuredmedia":[{"embeddable":true,"href":"https:\/\/inwest-management.com\/ru\/wp-json\/wp\/v2\/media\/2350"}],"wp:attachment":[{"href":"https:\/\/inwest-management.com\/ru\/wp-json\/wp\/v2\/media?parent=2348"}],"wp:term":[{"taxonomy":"product_brand","embeddable":true,"href":"https:\/\/inwest-management.com\/ru\/wp-json\/wp\/v2\/product_brand?post=2348"},{"taxonomy":"product_cat","embeddable":true,"href":"https:\/\/inwest-management.com\/ru\/wp-json\/wp\/v2\/product_cat?post=2348"},{"taxonomy":"product_tag","embeddable":true,"href":"https:\/\/inwest-management.com\/ru\/wp-json\/wp\/v2\/product_tag?post=2348"}],"curies":[{"name":"wp","href":"https:\/\/api.w.org\/{rel}","templated":true}]}}