{"id":2341,"date":"2025-11-17T16:20:54","date_gmt":"2025-11-17T15:20:54","guid":{"rendered":"https:\/\/inwest-management.com\/?post_type=product&#038;p=2341"},"modified":"2026-04-13T14:00:48","modified_gmt":"2026-04-13T12:00:48","slug":"einkaufszentrum-jueterbog","status":"publish","type":"product","link":"https:\/\/inwest-management.com\/ru\/product\/einkaufszentrum-jueterbog\/","title":{"rendered":"Einkaufszentrum J\u00fcterbog"},"content":{"rendered":"<p>Die Immobilie befindet sich in einem Industriegebiet im Norden von J\u00fcterbog. In unmittelbarer N\u00e4he haben sich bekannte Handelsunternehmen wie der Baustoffh\u00e4ndler Rothkegel und M\u00f6bel Fit angesiedelt. Die Immobilie liegt direkt an einer stark frequentierten Bundesstra\u00dfe und ist daher sowohl gut sichtbar als auch f\u00fcr Kunden gut erreichbar. Der Hauptteil des Geb\u00e4udes wird vom Ankermieter REPO Sonderpostenmarkt genutzt. Der Mietvertrag ist unbefristet. Der zweite Teil des Geb\u00e4udes ist seit 2013 an die PBS Deutschland GmbH (einen spezialisierten Gro\u00dfh\u00e4ndler f\u00fcr Papier, Schreibwaren und B\u00fcrobedarf) vermietet. Auch dieser Mietvertrag ist unbefristet. Die Anlage wurde 1997 erbaut und bietet auf dem Gel\u00e4nde 120 PKW-Stellpl\u00e4tze. Insgesamt befindet sich die Immobilie in einem guten und modernen Zustand.<\/p>","protected":false},"excerpt":{"rendered":"<p>Die Immobilie befindet sich in einem Industriegebiet im Norden von J\u00fcterbog. In unmittelbarer N\u00e4he haben sich bekannte Handelsunternehmen wie der Baustoffh\u00e4ndler Rothkegel und M\u00f6bel Fit angesiedelt. Die Immobilie liegt direkt an einer stark frequentierten Bundesstra\u00dfe und ist daher sowohl gut sichtbar als auch f\u00fcr Kunden gut erreichbar. Der Hauptteil des Geb\u00e4udes wird vom Ankermieter REPO [&hellip;]<\/p>","protected":false},"featured_media":2343,"comment_status":"open","ping_status":"closed","template":"","meta":{"_acf_changed":false,"_et_pb_use_builder":"off","_et_pb_old_content":"Die Immobilie ist vermietet. Mieter sind die Supermarkt-Kette Netto Marken-Discounter und KiK. Die derzeitigen Mietlaufzeiten betragen: Netto Marken-Discounter: 09\/2034, KiK: 09\/2029.","_et_gb_content_width":""},"product_brand":[],"product_cat":[23,22],"product_tag":[],"class_list":{"0":"post-2341","1":"product","2":"type-product","3":"status-publish","4":"has-post-thumbnail","6":"product_cat-einkaufszentren","7":"product_cat-fachmaerkte","9":"first","10":"instock","11":"shipping-taxable","12":"purchasable","13":"product-type-simple"},"acf":[],"_links":{"self":[{"href":"https:\/\/inwest-management.com\/ru\/wp-json\/wp\/v2\/product\/2341","targetHints":{"allow":["GET"]}}],"collection":[{"href":"https:\/\/inwest-management.com\/ru\/wp-json\/wp\/v2\/product"}],"about":[{"href":"https:\/\/inwest-management.com\/ru\/wp-json\/wp\/v2\/types\/product"}],"replies":[{"embeddable":true,"href":"https:\/\/inwest-management.com\/ru\/wp-json\/wp\/v2\/comments?post=2341"}],"wp:featuredmedia":[{"embeddable":true,"href":"https:\/\/inwest-management.com\/ru\/wp-json\/wp\/v2\/media\/2343"}],"wp:attachment":[{"href":"https:\/\/inwest-management.com\/ru\/wp-json\/wp\/v2\/media?parent=2341"}],"wp:term":[{"taxonomy":"product_brand","embeddable":true,"href":"https:\/\/inwest-management.com\/ru\/wp-json\/wp\/v2\/product_brand?post=2341"},{"taxonomy":"product_cat","embeddable":true,"href":"https:\/\/inwest-management.com\/ru\/wp-json\/wp\/v2\/product_cat?post=2341"},{"taxonomy":"product_tag","embeddable":true,"href":"https:\/\/inwest-management.com\/ru\/wp-json\/wp\/v2\/product_tag?post=2341"}],"curies":[{"name":"wp","href":"https:\/\/api.w.org\/{rel}","templated":true}]}}