{"id":2329,"date":"2025-11-17T10:07:18","date_gmt":"2025-11-17T09:07:18","guid":{"rendered":"https:\/\/inwest-management.com\/?post_type=product&#038;p=2329"},"modified":"2026-04-13T13:55:21","modified_gmt":"2026-04-13T11:55:21","slug":"gewerbeobjekt-in-dresden","status":"publish","type":"product","link":"https:\/\/inwest-management.com\/ru\/product\/gewerbeobjekt-in-dresden\/","title":{"rendered":"Gewerbeobjekt in Dresden"},"content":{"rendered":"<p>Das Gewerbegeb\u00e4ude profitiert von einer attraktiven Mischung an Mietern, bestehend aus dem Hauptmieter Pit Stop sowie einer Zahnarztpraxis mit einem Mietvertrag bis zum 31.12.2027 und einer B\u00fcroeinheit, die bis zum 28.02.2024 vermietet ist. Pit Stop hat den Vertrag 2023 bis zum 31.03.2028 ohne K\u00fcndigungsrecht verl\u00e4ngert.<\/p>\n<p>Die Pitstop.de GmbH ist ein deutsches Unternehmen der Automobilbranche, das Fahrzeuge aller Marken gem\u00e4\u00df den Herstellervorgaben repariert, wartet und serviciert. Pitstop.de GmbH verf\u00fcgt \u00fcber ein Filialnetz von mehr als 300 Werkst\u00e4tten und besch\u00e4ftigt rund 1.200 Mitarbeiter.<\/p>","protected":false},"excerpt":{"rendered":"<p>Das Gewerbegeb\u00e4ude profitiert von einer attraktiven Mischung an Mietern, bestehend aus dem Hauptmieter Pit Stop sowie einer Zahnarztpraxis mit einem Mietvertrag bis zum 31.12.2027 und einer B\u00fcroeinheit, die bis zum 28.02.2024 vermietet ist. Pit Stop hat den Vertrag 2023 bis zum 31.03.2028 ohne K\u00fcndigungsrecht verl\u00e4ngert. Die Pitstop.de GmbH ist ein deutsches Unternehmen der Automobilbranche, das [&hellip;]<\/p>","protected":false},"featured_media":2331,"comment_status":"open","ping_status":"closed","template":"","meta":{"_acf_changed":false,"_et_pb_use_builder":"off","_et_pb_old_content":"Die Immobilie ist vermietet. Mieter sind die Supermarkt-Kette Netto Marken-Discounter und KiK. Die derzeitigen Mietlaufzeiten betragen: Netto Marken-Discounter: 09\/2034, KiK: 09\/2029.","_et_gb_content_width":""},"product_brand":[],"product_cat":[24,21],"product_tag":[],"class_list":{"0":"post-2329","1":"product","2":"type-product","3":"status-publish","4":"has-post-thumbnail","6":"product_cat-buerozentren","7":"product_cat-kfz-servicezentren","9":"first","10":"instock","11":"shipping-taxable","12":"purchasable","13":"product-type-simple"},"acf":[],"_links":{"self":[{"href":"https:\/\/inwest-management.com\/ru\/wp-json\/wp\/v2\/product\/2329","targetHints":{"allow":["GET"]}}],"collection":[{"href":"https:\/\/inwest-management.com\/ru\/wp-json\/wp\/v2\/product"}],"about":[{"href":"https:\/\/inwest-management.com\/ru\/wp-json\/wp\/v2\/types\/product"}],"replies":[{"embeddable":true,"href":"https:\/\/inwest-management.com\/ru\/wp-json\/wp\/v2\/comments?post=2329"}],"wp:featuredmedia":[{"embeddable":true,"href":"https:\/\/inwest-management.com\/ru\/wp-json\/wp\/v2\/media\/2331"}],"wp:attachment":[{"href":"https:\/\/inwest-management.com\/ru\/wp-json\/wp\/v2\/media?parent=2329"}],"wp:term":[{"taxonomy":"product_brand","embeddable":true,"href":"https:\/\/inwest-management.com\/ru\/wp-json\/wp\/v2\/product_brand?post=2329"},{"taxonomy":"product_cat","embeddable":true,"href":"https:\/\/inwest-management.com\/ru\/wp-json\/wp\/v2\/product_cat?post=2329"},{"taxonomy":"product_tag","embeddable":true,"href":"https:\/\/inwest-management.com\/ru\/wp-json\/wp\/v2\/product_tag?post=2329"}],"curies":[{"name":"wp","href":"https:\/\/api.w.org\/{rel}","templated":true}]}}