{"id":2319,"date":"2025-11-17T09:24:12","date_gmt":"2025-11-17T08:24:12","guid":{"rendered":"https:\/\/inwest-management.com\/?post_type=product&#038;p=2319"},"modified":"2026-04-13T13:51:52","modified_gmt":"2026-04-13T11:51:52","slug":"carglass-pit-stop-kfz-service","status":"publish","type":"product","link":"https:\/\/inwest-management.com\/ru\/product\/carglass-pit-stop-kfz-service\/","title":{"rendered":"CARGLASS + PIT Stop Kfz-Service"},"content":{"rendered":"<p>CARGLASS verf\u00fcgt in Deutschland \u00fcber mehr als 600 Standorte sowie mobile Einheiten. Das Unternehmen besch\u00e4ftigt rund 2.100 Mitarbeiter in Deutschland. Die Carglass GmbH hat ihren Hauptsitz in K\u00f6ln-Godorf und besch\u00e4ftigt dort etwa 500 Mitarbeiter. Das Gesch\u00e4ft von Carglass gliedert sich in drei Bereiche: Autoglas f\u00fcr Pkw, Verglasung von Bussen und Verglasung von Schienenfahrzeugen. Carglass bietet au\u00dferdem Dienstleistungen an, die von den Fahrzeughaltern \u00fcber ihre Versicherung erstattet werden. Mietvertrag bis 2025.<\/p>\n<p>Die Pitstop.de GmbH ist ein deutsches Unternehmen der Automobilbranche, das Fahrzeuge aller Marken nach Herstellervorgaben repariert, wartet und serviciert. Das Filialnetz von Pitstop umfasst \u00fcber 300 Werkst\u00e4tten mit rund 1.200 Mitarbeitern. Mietvertrag bis November 2029.<\/p>","protected":false},"excerpt":{"rendered":"<p>CARGLASS verf\u00fcgt in Deutschland \u00fcber mehr als 600 Standorte sowie mobile Einheiten. Das Unternehmen besch\u00e4ftigt rund 2.100 Mitarbeiter in Deutschland. Die Carglass GmbH hat ihren Hauptsitz in K\u00f6ln-Godorf und besch\u00e4ftigt dort etwa 500 Mitarbeiter. Das Gesch\u00e4ft von Carglass gliedert sich in drei Bereiche: Autoglas f\u00fcr Pkw, Verglasung von Bussen und Verglasung von Schienenfahrzeugen. Carglass bietet [&hellip;]<\/p>","protected":false},"featured_media":2324,"comment_status":"open","ping_status":"closed","template":"","meta":{"_acf_changed":false,"_et_pb_use_builder":"off","_et_pb_old_content":"Die Immobilie ist vermietet. Mieter sind die Supermarkt-Kette Netto Marken-Discounter und KiK. Die derzeitigen Mietlaufzeiten betragen: Netto Marken-Discounter: 09\/2034, KiK: 09\/2029.","_et_gb_content_width":""},"product_brand":[],"product_cat":[21],"product_tag":[],"class_list":{"0":"post-2319","1":"product","2":"type-product","3":"status-publish","4":"has-post-thumbnail","6":"product_cat-kfz-servicezentren","8":"first","9":"instock","10":"shipping-taxable","11":"purchasable","12":"product-type-simple"},"acf":[],"_links":{"self":[{"href":"https:\/\/inwest-management.com\/ru\/wp-json\/wp\/v2\/product\/2319","targetHints":{"allow":["GET"]}}],"collection":[{"href":"https:\/\/inwest-management.com\/ru\/wp-json\/wp\/v2\/product"}],"about":[{"href":"https:\/\/inwest-management.com\/ru\/wp-json\/wp\/v2\/types\/product"}],"replies":[{"embeddable":true,"href":"https:\/\/inwest-management.com\/ru\/wp-json\/wp\/v2\/comments?post=2319"}],"wp:featuredmedia":[{"embeddable":true,"href":"https:\/\/inwest-management.com\/ru\/wp-json\/wp\/v2\/media\/2324"}],"wp:attachment":[{"href":"https:\/\/inwest-management.com\/ru\/wp-json\/wp\/v2\/media?parent=2319"}],"wp:term":[{"taxonomy":"product_brand","embeddable":true,"href":"https:\/\/inwest-management.com\/ru\/wp-json\/wp\/v2\/product_brand?post=2319"},{"taxonomy":"product_cat","embeddable":true,"href":"https:\/\/inwest-management.com\/ru\/wp-json\/wp\/v2\/product_cat?post=2319"},{"taxonomy":"product_tag","embeddable":true,"href":"https:\/\/inwest-management.com\/ru\/wp-json\/wp\/v2\/product_tag?post=2319"}],"curies":[{"name":"wp","href":"https:\/\/api.w.org\/{rel}","templated":true}]}}