{"id":776,"date":"2025-09-24T10:29:07","date_gmt":"2025-09-24T08:29:07","guid":{"rendered":"https:\/\/invest-website.ivato.de\/?page_id=776"},"modified":"2025-11-17T16:33:05","modified_gmt":"2025-11-17T15:33:05","slug":"firmenmanagement","status":"publish","type":"page","link":"https:\/\/inwest-management.com\/ru\/firmenmanagement\/","title":{"rendered":"Firmenmanagement"},"content":{"rendered":"<p>[et_pb_section fb_built=&#8221;1&#8243; custom_padding_last_edited=&#8221;on|tablet&#8221; _builder_version=&#8221;4.27.4&#8243; _module_preset=&#8221;default&#8221; use_background_color_gradient=&#8221;on&#8221; background_color_gradient_stops=&#8221;#ffffff 4%|rgba(255,255,255,0) 50%&#8221; background_color_gradient_overlays_image=&#8221;on&#8221; background_image=&#8221;https:\/\/inwest-management.com\/wp-content\/uploads\/2025\/10\/inwest-firmenmanagement-header-scaled.webp&#8221; parallax=&#8221;on&#8221; custom_margin=&#8221;0px|32px|60px|32px|false|false&#8221; custom_margin_tablet=&#8221;0px|4%|40px|4%|false|false&#8221; custom_margin_phone=&#8221;0px|4%|60px|4%|false|false&#8221; custom_margin_last_edited=&#8221;on|phone&#8221; custom_padding=&#8221;500px||0px||false|false&#8221; custom_padding_tablet=&#8221;280px||0px||false|false&#8221; custom_padding_phone=&#8221;240px||||false|false&#8221; locked=&#8221;off&#8221; global_colors_info=&#8221;{}&#8221;][et_pb_row column_structure=&#8221;1_2,1_2&#8243; use_custom_gutter=&#8221;on&#8221; make_equal=&#8221;on&#8221; custom_padding_last_edited=&#8221;on|phone&#8221; _builder_version=&#8221;4.27.4&#8243; _module_preset=&#8221;default&#8221; background_color=&#8221;rgba(0,0,0,0.9)&#8221; width=&#8221;95%&#8221; width_tablet=&#8221;95%&#8221; width_phone=&#8221;90%&#8221; width_last_edited=&#8221;on|phone&#8221; max_width=&#8221;none&#8221; module_alignment=&#8221;center&#8221; height_last_edited=&#8221;off|phone&#8221; custom_margin=&#8221;0px||0px||false|false&#8221; custom_padding=&#8221;60px|60px|60px|60px|false|false&#8221; custom_padding_tablet=&#8221;60px|60px|60px|60px|false|false&#8221; custom_padding_phone=&#8221;40px|40px|40px|40px|false|false&#8221; global_colors_info=&#8221;{}&#8221;][et_pb_column type=&#8221;1_2&#8243; _builder_version=&#8221;4.27.4&#8243; _module_preset=&#8221;default&#8221; global_colors_info=&#8221;{}&#8221;][et_pb_text _builder_version=&#8221;4.27.4&#8243; _module_preset=&#8221;6f10dc86-2864-4aa4-a762-64a8a05efc52&#8243; custom_margin=&#8221;0px||0px||false|false&#8221; custom_padding=&#8221;0px||0px||false|false&#8221; global_colors_info=&#8221;{}&#8221;]<\/p>\n<h1><span style=\"color: #ffffff;\">Firmenmanagement<\/span><br \/>\n<span style=\"color: #ffcc33;\">f\u00fcr Investoren.<\/span><\/h1>\n<p>[\/et_pb_text][\/et_pb_column][et_pb_column type=&#8221;1_2&#8243; _builder_version=&#8221;4.27.4&#8243; _module_preset=&#8221;default&#8221; global_colors_info=&#8221;{}&#8221;][et_pb_text _builder_version=&#8221;4.27.4&#8243; _module_preset=&#8221;6f10dc86-2864-4aa4-a762-64a8a05efc52&#8243; custom_margin=&#8221;0px||0px||false|false&#8221; custom_padding=&#8221;0px||0px||false|false&#8221; custom_padding_tablet=&#8221;20px||0px||false|false&#8221; custom_padding_phone=&#8221;20px||0px||false|false&#8221; custom_padding_last_edited=&#8221;on|phone&#8221; global_colors_info=&#8221;{}&#8221;]<\/p>\n<p><span style=\"color: #ffffff;\">Wir unterst\u00fctzen Sie bei der Gr\u00fcndung und Verwaltung Ihrer Immobiliengesellschaft. Von der Firmengr\u00fcndung \u00fcber die laufende Buchhaltung bis zur Daten\u00fcbermittlung an den Steuerberater \u2013 wir \u00fcbernehmen die organisatorischen Aufgaben, damit Sie sich voll auf Ihre Investments konzentrieren k\u00f6nnen.<\/span><\/p>\n<p>[\/et_pb_text][\/et_pb_column][\/et_pb_row][et_pb_row custom_padding_last_edited=&#8221;on|phone&#8221; _builder_version=&#8221;4.27.4&#8243; _module_preset=&#8221;default&#8221; width=&#8221;95%&#8221; width_tablet=&#8221;95%&#8221; width_phone=&#8221;90%&#8221; width_last_edited=&#8221;on|phone&#8221; max_width=&#8221;none&#8221; custom_margin=&#8221;||||false|false&#8221; custom_padding=&#8221;30px||30px||false|false&#8221; custom_padding_tablet=&#8221;40px||40px||false|false&#8221; custom_padding_phone=&#8221;20px||20px||false|false&#8221; locked=&#8221;off&#8221; global_colors_info=&#8221;{}&#8221;][et_pb_column type=&#8221;4_4&#8243; _builder_version=&#8221;4.27.4&#8243; _module_preset=&#8221;default&#8221; global_colors_info=&#8221;{}&#8221;][difl_divider separetor_type=&#8221;no&#8221; divider_line_color=&#8221;#FFFFFF&#8221; divider_right_line_color=&#8221;#FFFFFF&#8221; divider_line_width=&#8221;1px&#8221; line_alignment=&#8221;center&#8221; _builder_version=&#8221;4.27.4&#8243; _module_preset=&#8221;default&#8221; global_colors_info=&#8221;{}&#8221;][\/difl_divider][\/et_pb_column][\/et_pb_row][\/et_pb_section][et_pb_section fb_built=&#8221;1&#8243; _builder_version=&#8221;4.27.4&#8243; _module_preset=&#8221;default&#8221; background_color=&#8221;#FFFFFF&#8221; custom_margin=&#8221;0px||0px||false|false&#8221; custom_padding=&#8221;0px||60px||false|false&#8221; locked=&#8221;off&#8221; global_colors_info=&#8221;{}&#8221;][et_pb_row column_structure=&#8221;1_3,1_3,1_3&#8243; use_custom_gutter=&#8221;on&#8221; make_equal=&#8221;on&#8221; custom_padding_last_edited=&#8221;on|phone&#8221; _builder_version=&#8221;4.27.4&#8243; _module_preset=&#8221;default&#8221; width=&#8221;92%&#8221; width_tablet=&#8221;88%&#8221; width_phone=&#8221;84%&#8221; width_last_edited=&#8221;on|phone&#8221; max_width=&#8221;none&#8221; custom_margin=&#8221;0px||60px||false|false&#8221; custom_margin_tablet=&#8221;||30px||false|false&#8221; custom_margin_phone=&#8221;||30px||false|false&#8221; custom_margin_last_edited=&#8221;on|phone&#8221; custom_padding=&#8221;0px|60px|0px|60px|false|false&#8221; custom_padding_tablet=&#8221;0px|60px|0px|60px|false|false&#8221; custom_padding_phone=&#8221;0px|0px|0px|0px|false|false&#8221; global_colors_info=&#8221;{}&#8221;][et_pb_column type=&#8221;1_3&#8243; _builder_version=&#8221;4.27.4&#8243; _module_preset=&#8221;default&#8221; global_colors_info=&#8221;{}&#8221;][et_pb_text _builder_version=&#8221;4.27.4&#8243; _module_preset=&#8221;6f10dc86-2864-4aa4-a762-64a8a05efc52&#8243; text_text_color=&#8221;#FFFFFF&#8221; background_color=&#8221;#000000&#8243; width=&#8221;100%&#8221; module_alignment=&#8221;left&#8221; custom_margin=&#8221;0px||20px||false|false&#8221; custom_padding=&#8221;12px|20px|8px|20px|false|false&#8221; global_colors_info=&#8221;{}&#8221;]<\/p>\n<h4><span style=\"color: #ffffff;\">Firmengr\u00fcndung<\/span><\/h4>\n<p>[\/et_pb_text][et_pb_text _builder_version=&#8221;4.27.4&#8243; _module_preset=&#8221;6f10dc86-2864-4aa4-a762-64a8a05efc52&#8243; custom_margin=&#8221;0px|20px|0px|20px|false|false&#8221; custom_padding=&#8221;0px||0px||false|false&#8221; global_colors_info=&#8221;{}&#8221;]<\/p>\n<p><span>Wir begleiten Sie bei der Gr\u00fcndung Ihrer Immobiliengesellschaft \u2013 rechtssicher, effizient und auf Ihre Investmentstrategie abgestimmt.<\/span><\/p>\n<p>[\/et_pb_text][\/et_pb_column][et_pb_column type=&#8221;1_3&#8243; _builder_version=&#8221;4.27.4&#8243; _module_preset=&#8221;default&#8221; global_colors_info=&#8221;{}&#8221;][et_pb_text _builder_version=&#8221;4.27.4&#8243; _module_preset=&#8221;6f10dc86-2864-4aa4-a762-64a8a05efc52&#8243; background_color=&#8221;#000000&#8243; width=&#8221;100%&#8221; module_alignment=&#8221;left&#8221; custom_margin=&#8221;0px||20px||false|false&#8221; custom_padding=&#8221;12px|20px|8px|20px|false|false&#8221; global_colors_info=&#8221;{}&#8221;]<\/p>\n<h4><span style=\"color: #ffffff;\"><strong>Verwaltung &amp; Organisation<\/strong><\/span><\/h4>\n<p>[\/et_pb_text][et_pb_text _builder_version=&#8221;4.27.4&#8243; _module_preset=&#8221;6f10dc86-2864-4aa4-a762-64a8a05efc52&#8243; custom_margin=&#8221;0px|20px|0px|20px|false|false&#8221; custom_padding=&#8221;0px||0px||false|false&#8221; global_colors_info=&#8221;{}&#8221;]<\/p>\n<p><span>Unsere Experten \u00fcbernehmen die laufende Organisation und Verwaltung Ihrer Gesellschaft, damit Sie sich voll auf Ihre Investments konzentrieren k\u00f6nnen.<\/span><\/p>\n<p>[\/et_pb_text][\/et_pb_column][et_pb_column type=&#8221;1_3&#8243; _builder_version=&#8221;4.27.4&#8243; _module_preset=&#8221;default&#8221; global_colors_info=&#8221;{}&#8221;][et_pb_text _builder_version=&#8221;4.27.4&#8243; _module_preset=&#8221;6f10dc86-2864-4aa4-a762-64a8a05efc52&#8243; background_color=&#8221;#000000&#8243; width=&#8221;100%&#8221; module_alignment=&#8221;left&#8221; custom_margin=&#8221;0px||20px||false|false&#8221; custom_padding=&#8221;12px|20px|8px|20px|false|false&#8221; global_colors_info=&#8221;{}&#8221;]<\/p>\n<h4><span style=\"color: #ffffff;\">Buchhaltung &amp; Dokumentation<\/span><\/h4>\n<p>[\/et_pb_text][et_pb_text _builder_version=&#8221;4.27.4&#8243; _module_preset=&#8221;6f10dc86-2864-4aa4-a762-64a8a05efc52&#8243; custom_margin=&#8221;0px|20px|0px|20px|false|false&#8221; custom_padding=&#8221;0px||0px||false|false&#8221; global_colors_info=&#8221;{}&#8221;]<\/p>\n<p><span>Ihre Unternehmensbuchhaltung f\u00fchren wir sorgf\u00e4ltig und transparent \u2013 p\u00fcnktlich, digital und stets gesetzeskonform.<\/span><\/p>\n<p>[\/et_pb_text][\/et_pb_column][\/et_pb_row][et_pb_row column_structure=&#8221;1_3,1_3,1_3&#8243; use_custom_gutter=&#8221;on&#8221; make_equal=&#8221;on&#8221; custom_padding_last_edited=&#8221;on|phone&#8221; _builder_version=&#8221;4.27.4&#8243; _module_preset=&#8221;default&#8221; width=&#8221;92%&#8221; width_tablet=&#8221;88%&#8221; width_phone=&#8221;84%&#8221; width_last_edited=&#8221;on|phone&#8221; max_width=&#8221;none&#8221; custom_margin=&#8221;0px||0px||false|false&#8221; custom_margin_tablet=&#8221;||30px||false|false&#8221; custom_margin_last_edited=&#8221;off|desktop&#8221; custom_padding=&#8221;0px|60px|60px|60px|false|false&#8221; custom_padding_tablet=&#8221;||40px||false|false&#8221; custom_padding_phone=&#8221;0px|0px|40px|0px|false|false&#8221; border_width_bottom=&#8221;1px&#8221; global_colors_info=&#8221;{}&#8221;][et_pb_column type=&#8221;1_3&#8243; _builder_version=&#8221;4.27.4&#8243; _module_preset=&#8221;default&#8221; global_colors_info=&#8221;{}&#8221;][et_pb_text _builder_version=&#8221;4.27.4&#8243; _module_preset=&#8221;6f10dc86-2864-4aa4-a762-64a8a05efc52&#8243; background_color=&#8221;#000000&#8243; width=&#8221;100%&#8221; module_alignment=&#8221;left&#8221; custom_margin=&#8221;0px||20px||false|false&#8221; custom_padding=&#8221;12px|20px|8px|20px|false|false&#8221; global_colors_info=&#8221;{}&#8221;]<\/p>\n<h4><span style=\"color: #ffffff;\"><strong>Kommunikation mit Steuerberatern<\/strong><\/span><\/h4>\n<p>[\/et_pb_text][et_pb_text _builder_version=&#8221;4.27.4&#8243; _module_preset=&#8221;6f10dc86-2864-4aa4-a762-64a8a05efc52&#8243; custom_margin=&#8221;0px|20px|0px|20px|false|false&#8221; custom_padding=&#8221;0px||0px||false|false&#8221; hover_enabled=&#8221;0&#8243; global_colors_info=&#8221;{}&#8221; sticky_enabled=&#8221;0&#8243;]<\/p>\n<p><span>Wir \u00fcbermitteln alle relevanten Unterlagen direkt an Ihren Steuerberater und koordinieren die Abstimmung f\u00fcr Sie.<\/span><\/p>\n<p>[\/et_pb_text][\/et_pb_column][et_pb_column type=&#8221;1_3&#8243; _builder_version=&#8221;4.27.4&#8243; _module_preset=&#8221;default&#8221; global_colors_info=&#8221;{}&#8221;][et_pb_text _builder_version=&#8221;4.27.4&#8243; _module_preset=&#8221;6f10dc86-2864-4aa4-a762-64a8a05efc52&#8243; background_color=&#8221;#000000&#8243; width=&#8221;100%&#8221; module_alignment=&#8221;left&#8221; custom_margin=&#8221;0px||20px||false|false&#8221; custom_padding=&#8221;12px|20px|8px|20px|false|false&#8221; global_colors_info=&#8221;{}&#8221;]<\/p>\n<h4><span style=\"color: #ffffff;\">Beratung &amp; Strukturierung<\/span><\/h4>\n<p>[\/et_pb_text][et_pb_text _builder_version=&#8221;4.27.4&#8243; _module_preset=&#8221;6f10dc86-2864-4aa4-a762-64a8a05efc52&#8243; custom_margin=&#8221;0px|20px|0px|20px|false|false&#8221; custom_padding=&#8221;0px||0px||false|false&#8221; hover_enabled=&#8221;0&#8243; global_colors_info=&#8221;{}&#8221; sticky_enabled=&#8221;0&#8243;]<\/p>\n<p><span>Wir entwickeln optimale Gesellschaftsstrukturen, die rechtliche Sicherheit und steuerliche Effizienz verbinden.<\/span><\/p>\n<p>[\/et_pb_text][\/et_pb_column][et_pb_column type=&#8221;1_3&#8243; _builder_version=&#8221;4.27.4&#8243; _module_preset=&#8221;default&#8221; global_colors_info=&#8221;{}&#8221;][et_pb_text _builder_version=&#8221;4.27.4&#8243; _module_preset=&#8221;6f10dc86-2864-4aa4-a762-64a8a05efc52&#8243; background_color=&#8221;#000000&#8243; width=&#8221;100%&#8221; module_alignment=&#8221;left&#8221; custom_margin=&#8221;0px||20px||false|false&#8221; custom_padding=&#8221;12px|20px|8px|20px|false|false&#8221; hover_enabled=&#8221;0&#8243; global_colors_info=&#8221;{}&#8221; sticky_enabled=&#8221;0&#8243;]<\/p>\n<h4><span style=\"color: #ffffff;\"><strong>Rundum-Service f\u00fcr Investoren<\/strong><\/span><\/h4>\n<p>[\/et_pb_text][et_pb_text _builder_version=&#8221;4.27.4&#8243; _module_preset=&#8221;6f10dc86-2864-4aa4-a762-64a8a05efc52&#8243; custom_margin=&#8221;0px|20px|0px|20px|false|false&#8221; custom_padding=&#8221;0px||0px||false|false&#8221; hover_enabled=&#8221;0&#8243; global_colors_info=&#8221;{}&#8221; sticky_enabled=&#8221;0&#8243;]<\/p>\n<p><span>Von der Gr\u00fcndung bis zur laufenden Verwaltung \u2013 wir bieten einen Komplettservice, der internationalen Investoren den Einstieg in den deutschen Immobilienmarkt erleichtert.<\/span><\/p>\n<p>[\/et_pb_text][\/et_pb_column][\/et_pb_row][\/et_pb_section][et_pb_section fb_built=&#8221;1&#8243; custom_padding_last_edited=&#8221;on|phone&#8221; _builder_version=&#8221;4.27.4&#8243; _module_preset=&#8221;default&#8221; background_color=&#8221;#FFFFFF&#8221; custom_margin=&#8221;0px||0px||false|false&#8221; custom_padding=&#8221;40px||100px||false|false&#8221; custom_padding_tablet=&#8221;20px||80px||false|false&#8221; custom_padding_phone=&#8221;0px||||false|false&#8221; locked=&#8221;off&#8221; global_colors_info=&#8221;{}&#8221;][et_pb_row _builder_version=&#8221;4.27.4&#8243; _module_preset=&#8221;default&#8221; width=&#8221;92%&#8221; width_tablet=&#8221;88%&#8221; width_phone=&#8221;84%&#8221; width_last_edited=&#8221;on|phone&#8221; max_width=&#8221;none&#8221; module_alignment=&#8221;center&#8221; custom_margin=&#8221;0px||100px||false|false&#8221; custom_margin_tablet=&#8221;||60px||false|false&#8221; custom_margin_phone=&#8221;||60px||false|false&#8221; custom_margin_last_edited=&#8221;on|phone&#8221; custom_padding=&#8221;0px||0px||false|false&#8221; locked=&#8221;off&#8221; global_colors_info=&#8221;{}&#8221;][et_pb_column type=&#8221;4_4&#8243; _builder_version=&#8221;4.27.4&#8243; _module_preset=&#8221;default&#8221; global_colors_info=&#8221;{}&#8221;][et_pb_text _builder_version=&#8221;4.27.4&#8243; _module_preset=&#8221;6f10dc86-2864-4aa4-a762-64a8a05efc52&#8243; width=&#8221;30%&#8221; width_tablet=&#8221;75%&#8221; width_phone=&#8221;100%&#8221; width_last_edited=&#8221;on|phone&#8221; module_alignment=&#8221;center&#8221; global_colors_info=&#8221;{}&#8221;]<\/p>\n<h2 style=\"text-align: center;\">Ihr Investment\u00adablauf mit InWest<\/h2>\n<p>[\/et_pb_text][\/et_pb_column][\/et_pb_row][et_pb_row _builder_version=&#8221;4.27.4&#8243; _module_preset=&#8221;default&#8221; width=&#8221;92%&#8221; width_tablet=&#8221;88%&#8221; width_phone=&#8221;84%&#8221; width_last_edited=&#8221;on|phone&#8221; max_width=&#8221;none&#8221; module_alignment=&#8221;center&#8221; custom_margin=&#8221;0px||0px||false|false&#8221; custom_padding=&#8221;0px||0px||false|false&#8221; global_colors_info=&#8221;{}&#8221;][et_pb_column type=&#8221;4_4&#8243; _builder_version=&#8221;4.27.4&#8243; _module_preset=&#8221;default&#8221; global_colors_info=&#8221;{}&#8221;][difl_timeline layout_type=&#8221;left&#8221; item_vertical_alignment=&#8221;start&#8221; arrow_marker_vertical_align=&#8221;top&#8221; active_marker_color=&#8221;#000000&#8243; _builder_version=&#8221;4.27.4&#8243; _module_preset=&#8221;61f0773c-e956-4f59-899f-08193d7175b2&#8243; global_colors_info=&#8221;{}&#8221; custom_css_marker_wrapper_css_last_edited=&#8221;on|phone&#8221; custom_css_marker_wrapper_css_phone=&#8221;display:none;&#8221;][difl_timelineitem title=&#8221;Objekt\u00adauswahl&#8221; marker_txt=&#8221;1&#8243; date_title=&#8221;Title&#8221; date_sub_title=&#8221;01 Mar, 2023&#8243; _builder_version=&#8221;4.27.4&#8243; _module_preset=&#8221;82c662d7-236e-4ef2-ada8-a587b7946bf4&#8243; design_content_text_text_color=&#8221;#000000&#8243; global_colors_info=&#8221;{}&#8221;]<\/p>\n<p>Auswahl eines Objekts mit langfristigem Mietvertrag<\/p>\n<p>[\/difl_timelineitem][difl_timelineitem title=&#8221;Vertrags\u00adunter\u00adzeichnung&#8221; date_title=&#8221;Title&#8221; date_sub_title=&#8221;01 Mar, 2023&#8243; _builder_version=&#8221;4.27.4&#8243; _module_preset=&#8221;82c662d7-236e-4ef2-ada8-a587b7946bf4&#8243; design_content_text_text_color=&#8221;#000000&#8243; global_colors_info=&#8221;{}&#8221;]<\/p>\n<p>Einzahlung von 30\u202f% des Kaufpreises auf ein Notaranderkonto<\/p>\n<p>[\/difl_timelineitem][difl_timelineitem title_bg_bgcolor=&#8221;#808080&#8243; title=&#8221;Finanzierung (optional)&#8221; marker_txt=&#8221;3&#8243; date_title=&#8221;Title&#8221; date_sub_title=&#8221;01 Mar, 2023&#8243; _builder_version=&#8221;4.27.4&#8243; _module_preset=&#8221;82c662d7-236e-4ef2-ada8-a587b7946bf4&#8243; design_content_text_text_color=&#8221;#000000&#8243; global_colors_info=&#8221;{}&#8221;]<\/p>\n<p>Bankdarlehen ab 1 Mio. \u20ac Kaufpreis bei \u00d8 4\u20136\u202f% Zinssatz<\/p>\n<p>[\/difl_timelineitem][difl_timelineitem title=&#8221;Eigentums\u00adeintragung&#8221; marker_txt=&#8221;4&#8243; date_title=&#8221;Title&#8221; date_sub_title=&#8221;01 Mar, 2023&#8243; _builder_version=&#8221;4.27.4&#8243; _module_preset=&#8221;82c662d7-236e-4ef2-ada8-a587b7946bf4&#8243; design_content_text_text_color=&#8221;#000000&#8243; global_colors_info=&#8221;{}&#8221;]<\/p>\n<p>Sie werden offizieller Eigent\u00fcmer und erhalten Mieteinnahmen<\/p>\n<p>[\/difl_timelineitem][difl_timelineitem title_bg_bgcolor=&#8221;#808080&#8243; title=&#8221;Firmen\u00adgr\u00fcndung (optional) &#8221; marker_txt=&#8221;5&#8243; date_title=&#8221;Title&#8221; date_sub_title=&#8221;01 Mar, 2023&#8243; _builder_version=&#8221;4.27.4&#8243; _module_preset=&#8221;82c662d7-236e-4ef2-ada8-a587b7946bf4&#8243; design_content_text_text_color=&#8221;#000000&#8243; global_colors_info=&#8221;{}&#8221;]<\/p>\n<p>GmbH-Gr\u00fcndung innerhalb von 1 Werktag<\/p>\n<p>[\/difl_timelineitem][difl_timelineitem title=&#8221;Online-Zugang&#8221; marker_txt=&#8221;6&#8243; date_title=&#8221;Title&#8221; date_sub_title=&#8221;01 Mar, 2023&#8243; _builder_version=&#8221;4.27.4&#8243; _module_preset=&#8221;82c662d7-236e-4ef2-ada8-a587b7946bf4&#8243; design_content_text_text_color=&#8221;#000000&#8243; global_colors_info=&#8221;{}&#8221;]<\/p>\n<p>Kontrolle und Einsicht \u00fcber Ihr pers\u00f6nliches Investorenkonto<\/p>\n<p>[\/difl_timelineitem][\/difl_timeline][\/et_pb_column][\/et_pb_row][\/et_pb_section]<\/p>","protected":false},"excerpt":{"rendered":"<p>Firmenmanagement f\u00fcr Investoren.Wir unterst\u00fctzen Sie bei der Gr\u00fcndung und Verwaltung Ihrer Immobiliengesellschaft. Von der Firmengr\u00fcndung \u00fcber die laufende Buchhaltung bis zur Daten\u00fcbermittlung an den Steuerberater \u2013 wir \u00fcbernehmen die organisatorischen Aufgaben, damit Sie sich voll auf Ihre Investments konzentrieren k\u00f6nnen.<div class=\"et_pb_module difl_divider difl_divider_0\">\n\t\t\t\t\n\t\t\t\t\n\t\t\t\t\n\t\t\t\t\n\t\t\t\t\n\t\t\t\t\n\t\t\t\t<div class=\"et_pb_module_inner\">\n\t\t\t\t\t<div class=\"difl-divider-container difl-divider-solid\" data-settings='[]'>\n                            <div class=\"difl-divider-wrapper\">\n                                <div class=\"difl-divider-wrapper-separator\">\n                                    <div class=\"difl-divider-wrapper-separator-divider\">\n                                        <div class=\"difl-divider-inner\">\n\n                                            <div class=\"difl-divider-content-wrapper icon-type-no\">\n                                                \n                                                <div class=\"difl-divider-left difl-divider-left-side\">\n                                                    <hr>\n                                                <\/div>\n\n                                                \n\n                                                <div class=\"difl-divider-right difl-divider-right-side\">\n                                                    <hr>\n                                                <\/div>\n                                                \n                                            <\/div>\n\n                                        <\/div>\n\n                                    <\/div>\n\n                                <\/div>\n\n                            <\/div>\n\n                        <\/div>\n\t\t\t\t<\/div>\n\t\t\t<\/div>Firmengr\u00fcndungWir begleiten Sie bei der Gr\u00fcndung Ihrer Immobiliengesellschaft [&hellip;]<\/p>","protected":false},"author":2,"featured_media":0,"parent":0,"menu_order":0,"comment_status":"closed","ping_status":"closed","template":"","meta":{"_acf_changed":false,"_et_pb_use_builder":"on","_et_pb_old_content":"<!-- wp:divi\/placeholder \/-->","_et_gb_content_width":"","footnotes":""},"difl_page_category":[],"class_list":["post-776","page","type-page","status-publish","hentry"],"acf":[],"_links":{"self":[{"href":"https:\/\/inwest-management.com\/ru\/wp-json\/wp\/v2\/pages\/776","targetHints":{"allow":["GET"]}}],"collection":[{"href":"https:\/\/inwest-management.com\/ru\/wp-json\/wp\/v2\/pages"}],"about":[{"href":"https:\/\/inwest-management.com\/ru\/wp-json\/wp\/v2\/types\/page"}],"author":[{"embeddable":true,"href":"https:\/\/inwest-management.com\/ru\/wp-json\/wp\/v2\/users\/2"}],"replies":[{"embeddable":true,"href":"https:\/\/inwest-management.com\/ru\/wp-json\/wp\/v2\/comments?post=776"}],"version-history":[{"count":0,"href":"https:\/\/inwest-management.com\/ru\/wp-json\/wp\/v2\/pages\/776\/revisions"}],"wp:attachment":[{"href":"https:\/\/inwest-management.com\/ru\/wp-json\/wp\/v2\/media?parent=776"}],"wp:term":[{"taxonomy":"difl_page_category","embeddable":true,"href":"https:\/\/inwest-management.com\/ru\/wp-json\/wp\/v2\/difl_page_category?post=776"}],"curies":[{"name":"wp","href":"https:\/\/api.w.org\/{rel}","templated":true}]}}