{"id":295,"date":"2025-07-23T12:31:59","date_gmt":"2025-07-23T12:31:59","guid":{"rendered":"https:\/\/invest-website.ivato.de\/?post_type=product&#038;p=295"},"modified":"2026-04-13T13:46:31","modified_gmt":"2026-04-13T11:46:31","slug":"penny-supermarkt-und-fristo-getraenkemarkt","status":"publish","type":"product","link":"https:\/\/inwest-management.com\/en\/product\/penny-supermarkt-und-fristo-getraenkemarkt\/","title":{"rendered":"Penny Supermarkt und Fristo Getr\u00e4nkemarkt"},"content":{"rendered":"<p>Das Objekt liegt am westlichen Rande der Stadt. Es ist Teil eines Nahversorgungszentrums mit REWE und Aldi, was die Kundenfrequenz und die Attraktivit\u00e4t von Eich als Einzelhandelsstandort f\u00fcr die lokale Gemeinschaft erheblich erh\u00f6ht. Die Immobilie profitiert von einer guten Anbindung an die Infrastruktur des \u00f6ffentlichen Nahverkehrs und genie\u00dft ausgezeichnete Sichtbarkeit. Es liegt ca. 3 Fahrminuten von der Ortsmitte entfernt.<\/p>","protected":false},"excerpt":{"rendered":"<p>Das Objekt liegt am westlichen Rande der Stadt. Es ist Teil eines Nahversorgungszentrums mit REWE und Aldi, was die Kundenfrequenz und die Attraktivit\u00e4t von Eich als Einzelhandelsstandort f\u00fcr die lokale Gemeinschaft erheblich erh\u00f6ht. Die Immobilie profitiert von einer guten Anbindung an die Infrastruktur des \u00f6ffentlichen Nahverkehrs und genie\u00dft ausgezeichnete Sichtbarkeit. Es liegt ca. 3 Fahrminuten [&hellip;]<\/p>","protected":false},"featured_media":1531,"comment_status":"open","ping_status":"closed","template":"","meta":{"_acf_changed":false,"_et_pb_use_builder":"","_et_pb_old_content":"","_et_gb_content_width":""},"product_brand":[],"product_cat":[20],"product_tag":[],"class_list":{"0":"post-295","1":"product","2":"type-product","3":"status-publish","4":"has-post-thumbnail","6":"product_cat-supermaerkte","8":"first","9":"instock","10":"shipping-taxable","11":"purchasable","12":"product-type-simple"},"acf":[],"_links":{"self":[{"href":"https:\/\/inwest-management.com\/en\/wp-json\/wp\/v2\/product\/295","targetHints":{"allow":["GET"]}}],"collection":[{"href":"https:\/\/inwest-management.com\/en\/wp-json\/wp\/v2\/product"}],"about":[{"href":"https:\/\/inwest-management.com\/en\/wp-json\/wp\/v2\/types\/product"}],"replies":[{"embeddable":true,"href":"https:\/\/inwest-management.com\/en\/wp-json\/wp\/v2\/comments?post=295"}],"wp:featuredmedia":[{"embeddable":true,"href":"https:\/\/inwest-management.com\/en\/wp-json\/wp\/v2\/media\/1531"}],"wp:attachment":[{"href":"https:\/\/inwest-management.com\/en\/wp-json\/wp\/v2\/media?parent=295"}],"wp:term":[{"taxonomy":"product_brand","embeddable":true,"href":"https:\/\/inwest-management.com\/en\/wp-json\/wp\/v2\/product_brand?post=295"},{"taxonomy":"product_cat","embeddable":true,"href":"https:\/\/inwest-management.com\/en\/wp-json\/wp\/v2\/product_cat?post=295"},{"taxonomy":"product_tag","embeddable":true,"href":"https:\/\/inwest-management.com\/en\/wp-json\/wp\/v2\/product_tag?post=295"}],"curies":[{"name":"wp","href":"https:\/\/api.w.org\/{rel}","templated":true}]}}