{"id":2359,"date":"2025-11-17T17:47:17","date_gmt":"2025-11-17T16:47:17","guid":{"rendered":"https:\/\/inwest-management.com\/?post_type=product&#038;p=2359"},"modified":"2026-04-20T19:14:31","modified_gmt":"2026-04-20T17:14:31","slug":"fachmarktzentrum-muldenstein","status":"publish","type":"product","link":"https:\/\/inwest-management.com\/en\/product\/fachmarktzentrum-muldenstein\/","title":{"rendered":"Fachmarktzentrum Muldenstein"},"content":{"rendered":"<p>Ankermieter des kleinen Fachmarktzentrums ist Edeka, die derzeit mit seiner Marke NP den Lebensmitteleinzelhandel betreibt. Aktuell wurde ein Nachtrag \u00fcber weitere 10 Jahre geschlossen. Edeka wird in den Umbau und die Modernisierung des Marktes investieren und mit seiner Eigenmarke nah &#038; gut den Erfolg des Marktes fortsetzen. Weitere Mieter sind das L\u00f6sch Depot, ein Friseurladen, sowie die Fitbox mit einem neu abgeschlossenen langfristigen Mietvertrag.<\/p>\n<p>In den vergangenen Jahren wurde in eine neue Heizungsanlage und in ein neues Dach investiert. Das Grundst\u00fcck verf\u00fcgt \u00fcber ca. 65 Stellpl\u00e4tze.<\/p>\n<p>Das Fachmarktzentrum verf\u00fcgt \u00fcber eine dem Baujahr und der Nutzung entsprechende technische Ausstattung und bietet den Kunden ausreichend Stellpl\u00e4tze vor dem Eingang auf dem grundst\u00fcckseigenen Parkplatz.<\/p>\n<p>Das Objekt ist orts\u00fcblich erschlossen. Weitere Erschlie\u00dfungsma\u00dfnahmen sind nicht bekannt.<\/p>","protected":false},"excerpt":{"rendered":"<p>Ankermieter des kleinen Fachmarktzentrums ist Edeka, die derzeit mit seiner Marke NP den Lebensmitteleinzelhandel betreibt. Aktuell wurde ein Nachtrag \u00fcber weitere 10 Jahre geschlossen. Edeka wird in den Umbau und die Modernisierung des Marktes investieren und mit seiner Eigenmarke nah &#038; gut den Erfolg des Marktes fortsetzen. Weitere Mieter sind das L\u00f6sch Depot, ein Friseurladen, [&hellip;]<\/p>","protected":false},"featured_media":2361,"comment_status":"open","ping_status":"closed","template":"","meta":{"_acf_changed":false,"_et_pb_use_builder":"off","_et_pb_old_content":"Die Immobilie ist vermietet. Mieter sind die Supermarkt-Kette Netto Marken-Discounter und KiK. Die derzeitigen Mietlaufzeiten betragen: Netto Marken-Discounter: 09\/2034, KiK: 09\/2029.","_et_gb_content_width":""},"product_brand":[],"product_cat":[23,20],"product_tag":[],"class_list":{"0":"post-2359","1":"product","2":"type-product","3":"status-publish","4":"has-post-thumbnail","6":"product_cat-einkaufszentren","7":"product_cat-supermaerkte","9":"first","10":"instock","11":"shipping-taxable","12":"purchasable","13":"product-type-simple"},"acf":[],"_links":{"self":[{"href":"https:\/\/inwest-management.com\/en\/wp-json\/wp\/v2\/product\/2359","targetHints":{"allow":["GET"]}}],"collection":[{"href":"https:\/\/inwest-management.com\/en\/wp-json\/wp\/v2\/product"}],"about":[{"href":"https:\/\/inwest-management.com\/en\/wp-json\/wp\/v2\/types\/product"}],"replies":[{"embeddable":true,"href":"https:\/\/inwest-management.com\/en\/wp-json\/wp\/v2\/comments?post=2359"}],"wp:featuredmedia":[{"embeddable":true,"href":"https:\/\/inwest-management.com\/en\/wp-json\/wp\/v2\/media\/2361"}],"wp:attachment":[{"href":"https:\/\/inwest-management.com\/en\/wp-json\/wp\/v2\/media?parent=2359"}],"wp:term":[{"taxonomy":"product_brand","embeddable":true,"href":"https:\/\/inwest-management.com\/en\/wp-json\/wp\/v2\/product_brand?post=2359"},{"taxonomy":"product_cat","embeddable":true,"href":"https:\/\/inwest-management.com\/en\/wp-json\/wp\/v2\/product_cat?post=2359"},{"taxonomy":"product_tag","embeddable":true,"href":"https:\/\/inwest-management.com\/en\/wp-json\/wp\/v2\/product_tag?post=2359"}],"curies":[{"name":"wp","href":"https:\/\/api.w.org\/{rel}","templated":true}]}}