{"id":2351,"date":"2025-11-17T17:16:05","date_gmt":"2025-11-17T16:16:05","guid":{"rendered":"https:\/\/inwest-management.com\/?post_type=product&#038;p=2351"},"modified":"2026-04-13T14:05:37","modified_gmt":"2026-04-13T12:05:37","slug":"awg-supermarkt-loebau","status":"publish","type":"product","link":"https:\/\/inwest-management.com\/en\/product\/awg-supermarkt-loebau\/","title":{"rendered":"AWG Supermarkt L\u00f6bau"},"content":{"rendered":"<p>AWG ist eine deutsche Modeeinzelhandelskette mit Sitz in K\u00f6ngen im Landkreis Esslingen (Baden-W\u00fcrttemberg). Das Familienunternehmen betreibt etwa 250 Filialen im ganzen Land mit rund 2.500 Mitarbeitern. Der Jahresumsatz betr\u00e4gt ca. 150 Mio. Euro.<\/p>\n<p>Der Mietvertrag l\u00e4uft bis 2045, ohne K\u00fcndigungsrecht seitens des Mieters vor 2030.<\/p>","protected":false},"excerpt":{"rendered":"<p>AWG ist eine deutsche Modeeinzelhandelskette mit Sitz in K\u00f6ngen im Landkreis Esslingen (Baden-W\u00fcrttemberg). Das Familienunternehmen betreibt etwa 250 Filialen im ganzen Land mit rund 2.500 Mitarbeitern. Der Jahresumsatz betr\u00e4gt ca. 150 Mio. Euro. Der Mietvertrag l\u00e4uft bis 2045, ohne K\u00fcndigungsrecht seitens des Mieters vor 2030.<\/p>","protected":false},"featured_media":2386,"comment_status":"open","ping_status":"closed","template":"","meta":{"_acf_changed":false,"_et_pb_use_builder":"off","_et_pb_old_content":"Die Immobilie ist vermietet. Mieter sind die Supermarkt-Kette Netto Marken-Discounter und KiK. Die derzeitigen Mietlaufzeiten betragen: Netto Marken-Discounter: 09\/2034, KiK: 09\/2029.","_et_gb_content_width":""},"product_brand":[],"product_cat":[22,20],"product_tag":[],"class_list":{"0":"post-2351","1":"product","2":"type-product","3":"status-publish","4":"has-post-thumbnail","6":"product_cat-fachmaerkte","7":"product_cat-supermaerkte","9":"first","10":"instock","11":"shipping-taxable","12":"purchasable","13":"product-type-simple"},"acf":[],"_links":{"self":[{"href":"https:\/\/inwest-management.com\/en\/wp-json\/wp\/v2\/product\/2351","targetHints":{"allow":["GET"]}}],"collection":[{"href":"https:\/\/inwest-management.com\/en\/wp-json\/wp\/v2\/product"}],"about":[{"href":"https:\/\/inwest-management.com\/en\/wp-json\/wp\/v2\/types\/product"}],"replies":[{"embeddable":true,"href":"https:\/\/inwest-management.com\/en\/wp-json\/wp\/v2\/comments?post=2351"}],"wp:featuredmedia":[{"embeddable":true,"href":"https:\/\/inwest-management.com\/en\/wp-json\/wp\/v2\/media\/2386"}],"wp:attachment":[{"href":"https:\/\/inwest-management.com\/en\/wp-json\/wp\/v2\/media?parent=2351"}],"wp:term":[{"taxonomy":"product_brand","embeddable":true,"href":"https:\/\/inwest-management.com\/en\/wp-json\/wp\/v2\/product_brand?post=2351"},{"taxonomy":"product_cat","embeddable":true,"href":"https:\/\/inwest-management.com\/en\/wp-json\/wp\/v2\/product_cat?post=2351"},{"taxonomy":"product_tag","embeddable":true,"href":"https:\/\/inwest-management.com\/en\/wp-json\/wp\/v2\/product_tag?post=2351"}],"curies":[{"name":"wp","href":"https:\/\/api.w.org\/{rel}","templated":true}]}}