{"id":2344,"date":"2025-11-17T16:32:12","date_gmt":"2025-11-17T15:32:12","guid":{"rendered":"https:\/\/inwest-management.com\/?post_type=product&#038;p=2344"},"modified":"2026-04-13T14:03:00","modified_gmt":"2026-04-13T12:03:00","slug":"np-supermarkt-stuttgart","status":"publish","type":"product","link":"https:\/\/inwest-management.com\/en\/product\/np-supermarkt-stuttgart\/","title":{"rendered":"NP Supermarkt Stuttgart"},"content":{"rendered":"<p>Der Hauptmieter ist ein NP-Supermarkt, der im Besitz der EDEKA-Gruppe ist. Der Mietvertrag l\u00e4uft bis 2048 und enth\u00e4lt kein K\u00fcndigungsrecht bis 2038.<\/p>","protected":false},"excerpt":{"rendered":"<p>Der Hauptmieter ist ein NP-Supermarkt, der im Besitz der EDEKA-Gruppe ist. Der Mietvertrag l\u00e4uft bis 2048 und enth\u00e4lt kein K\u00fcndigungsrecht bis 2038.<\/p>","protected":false},"featured_media":2347,"comment_status":"open","ping_status":"closed","template":"","meta":{"_acf_changed":false,"_et_pb_use_builder":"off","_et_pb_old_content":"Die Immobilie ist vermietet. Mieter sind die Supermarkt-Kette Netto Marken-Discounter und KiK. Die derzeitigen Mietlaufzeiten betragen: Netto Marken-Discounter: 09\/2034, KiK: 09\/2029.","_et_gb_content_width":""},"product_brand":[],"product_cat":[20],"product_tag":[],"class_list":{"0":"post-2344","1":"product","2":"type-product","3":"status-publish","4":"has-post-thumbnail","6":"product_cat-supermaerkte","8":"first","9":"instock","10":"shipping-taxable","11":"purchasable","12":"product-type-simple"},"acf":[],"_links":{"self":[{"href":"https:\/\/inwest-management.com\/en\/wp-json\/wp\/v2\/product\/2344","targetHints":{"allow":["GET"]}}],"collection":[{"href":"https:\/\/inwest-management.com\/en\/wp-json\/wp\/v2\/product"}],"about":[{"href":"https:\/\/inwest-management.com\/en\/wp-json\/wp\/v2\/types\/product"}],"replies":[{"embeddable":true,"href":"https:\/\/inwest-management.com\/en\/wp-json\/wp\/v2\/comments?post=2344"}],"wp:featuredmedia":[{"embeddable":true,"href":"https:\/\/inwest-management.com\/en\/wp-json\/wp\/v2\/media\/2347"}],"wp:attachment":[{"href":"https:\/\/inwest-management.com\/en\/wp-json\/wp\/v2\/media?parent=2344"}],"wp:term":[{"taxonomy":"product_brand","embeddable":true,"href":"https:\/\/inwest-management.com\/en\/wp-json\/wp\/v2\/product_brand?post=2344"},{"taxonomy":"product_cat","embeddable":true,"href":"https:\/\/inwest-management.com\/en\/wp-json\/wp\/v2\/product_cat?post=2344"},{"taxonomy":"product_tag","embeddable":true,"href":"https:\/\/inwest-management.com\/en\/wp-json\/wp\/v2\/product_tag?post=2344"}],"curies":[{"name":"wp","href":"https:\/\/api.w.org\/{rel}","templated":true}]}}