{"id":2337,"date":"2025-11-17T16:05:06","date_gmt":"2025-11-17T15:05:06","guid":{"rendered":"https:\/\/inwest-management.com\/?post_type=product&#038;p=2337"},"modified":"2026-04-13T13:59:19","modified_gmt":"2026-04-13T11:59:19","slug":"action-supermarkt-goerlitz","status":"publish","type":"product","link":"https:\/\/inwest-management.com\/en\/product\/action-supermarkt-goerlitz\/","title":{"rendered":"ACTION Supermarkt G\u00f6rlitz"},"content":{"rendered":"<p>Action ist eine niederl\u00e4ndische internationale Discounterkette, die Non-Food-Produkte verkauft. Action ist derzeit in den Niederlanden (seit 2005), Belgien (seit 2005), Deutschland (seit 2009), Frankreich (seit 2012), Luxemburg (seit 2015), \u00d6sterreich (seit 2015), Polen (seit 2017), Italien (seit 2021), Tschechien (seit 2021) und Spanien (seit 2022) vertreten. Mit \u00fcber 3.000 Filialen in ganz Europa und mehr als 73.000 Mitarbeitern geh\u00f6rt Action zu den gro\u00dfen Discounterketten in Europa.<\/p>","protected":false},"excerpt":{"rendered":"<p>Action ist eine niederl\u00e4ndische internationale Discounterkette, die Non-Food-Produkte verkauft. Action ist derzeit in den Niederlanden (seit 2005), Belgien (seit 2005), Deutschland (seit 2009), Frankreich (seit 2012), Luxemburg (seit 2015), \u00d6sterreich (seit 2015), Polen (seit 2017), Italien (seit 2021), Tschechien (seit 2021) und Spanien (seit 2022) vertreten. Mit \u00fcber 3.000 Filialen in ganz Europa und mehr [&hellip;]<\/p>","protected":false},"featured_media":2340,"comment_status":"open","ping_status":"closed","template":"","meta":{"_acf_changed":false,"_et_pb_use_builder":"off","_et_pb_old_content":"Die Immobilie ist vermietet. Mieter sind die Supermarkt-Kette Netto Marken-Discounter und KiK. Die derzeitigen Mietlaufzeiten betragen: Netto Marken-Discounter: 09\/2034, KiK: 09\/2029.","_et_gb_content_width":""},"product_brand":[],"product_cat":[22,20],"product_tag":[],"class_list":{"0":"post-2337","1":"product","2":"type-product","3":"status-publish","4":"has-post-thumbnail","6":"product_cat-fachmaerkte","7":"product_cat-supermaerkte","9":"first","10":"instock","11":"shipping-taxable","12":"purchasable","13":"product-type-simple"},"acf":[],"_links":{"self":[{"href":"https:\/\/inwest-management.com\/en\/wp-json\/wp\/v2\/product\/2337","targetHints":{"allow":["GET"]}}],"collection":[{"href":"https:\/\/inwest-management.com\/en\/wp-json\/wp\/v2\/product"}],"about":[{"href":"https:\/\/inwest-management.com\/en\/wp-json\/wp\/v2\/types\/product"}],"replies":[{"embeddable":true,"href":"https:\/\/inwest-management.com\/en\/wp-json\/wp\/v2\/comments?post=2337"}],"wp:featuredmedia":[{"embeddable":true,"href":"https:\/\/inwest-management.com\/en\/wp-json\/wp\/v2\/media\/2340"}],"wp:attachment":[{"href":"https:\/\/inwest-management.com\/en\/wp-json\/wp\/v2\/media?parent=2337"}],"wp:term":[{"taxonomy":"product_brand","embeddable":true,"href":"https:\/\/inwest-management.com\/en\/wp-json\/wp\/v2\/product_brand?post=2337"},{"taxonomy":"product_cat","embeddable":true,"href":"https:\/\/inwest-management.com\/en\/wp-json\/wp\/v2\/product_cat?post=2337"},{"taxonomy":"product_tag","embeddable":true,"href":"https:\/\/inwest-management.com\/en\/wp-json\/wp\/v2\/product_tag?post=2337"}],"curies":[{"name":"wp","href":"https:\/\/api.w.org\/{rel}","templated":true}]}}