{"id":2332,"date":"2025-11-17T13:07:50","date_gmt":"2025-11-17T12:07:50","guid":{"rendered":"https:\/\/inwest-management.com\/?post_type=product&#038;p=2332"},"modified":"2026-04-13T13:56:35","modified_gmt":"2026-04-13T11:56:35","slug":"netto-supermarkt-ruhla","status":"publish","type":"product","link":"https:\/\/inwest-management.com\/en\/product\/netto-supermarkt-ruhla\/","title":{"rendered":"NETTO Supermarkt Ruhla"},"content":{"rendered":"<p>Hauptmieter ist die Supermarktkette Netto, mit einem Mietvertrag bis 2040, der bis zum 27.05.2029 nicht k\u00fcndbar ist. Netto wurde 1983 gegr\u00fcndet, und der erste Supermarkt wurde in Bayern er\u00f6ffnet. Die Kette begann in den 1990er Jahren aktiv zu wachsen, und 2005 wurde die Marke Edeka in das Unternehmen integriert. Netto gilt als der gr\u00f6\u00dfte Lebensmitteldiscounter in Deutschland. Der Nettogewinn von Netto steigt jedes Jahr.<\/p>","protected":false},"excerpt":{"rendered":"<p>Hauptmieter ist die Supermarktkette Netto, mit einem Mietvertrag bis 2040, der bis zum 27.05.2029 nicht k\u00fcndbar ist. Netto wurde 1983 gegr\u00fcndet, und der erste Supermarkt wurde in Bayern er\u00f6ffnet. Die Kette begann in den 1990er Jahren aktiv zu wachsen, und 2005 wurde die Marke Edeka in das Unternehmen integriert. Netto gilt als der gr\u00f6\u00dfte Lebensmitteldiscounter [&hellip;]<\/p>","protected":false},"featured_media":2335,"comment_status":"open","ping_status":"closed","template":"","meta":{"_acf_changed":false,"_et_pb_use_builder":"off","_et_pb_old_content":"Die Immobilie ist vermietet. Mieter sind die Supermarkt-Kette Netto Marken-Discounter und KiK. Die derzeitigen Mietlaufzeiten betragen: Netto Marken-Discounter: 09\/2034, KiK: 09\/2029.","_et_gb_content_width":""},"product_brand":[],"product_cat":[20],"product_tag":[],"class_list":{"0":"post-2332","1":"product","2":"type-product","3":"status-publish","4":"has-post-thumbnail","6":"product_cat-supermaerkte","8":"first","9":"instock","10":"shipping-taxable","11":"purchasable","12":"product-type-simple"},"acf":[],"_links":{"self":[{"href":"https:\/\/inwest-management.com\/en\/wp-json\/wp\/v2\/product\/2332","targetHints":{"allow":["GET"]}}],"collection":[{"href":"https:\/\/inwest-management.com\/en\/wp-json\/wp\/v2\/product"}],"about":[{"href":"https:\/\/inwest-management.com\/en\/wp-json\/wp\/v2\/types\/product"}],"replies":[{"embeddable":true,"href":"https:\/\/inwest-management.com\/en\/wp-json\/wp\/v2\/comments?post=2332"}],"wp:featuredmedia":[{"embeddable":true,"href":"https:\/\/inwest-management.com\/en\/wp-json\/wp\/v2\/media\/2335"}],"wp:attachment":[{"href":"https:\/\/inwest-management.com\/en\/wp-json\/wp\/v2\/media?parent=2332"}],"wp:term":[{"taxonomy":"product_brand","embeddable":true,"href":"https:\/\/inwest-management.com\/en\/wp-json\/wp\/v2\/product_brand?post=2332"},{"taxonomy":"product_cat","embeddable":true,"href":"https:\/\/inwest-management.com\/en\/wp-json\/wp\/v2\/product_cat?post=2332"},{"taxonomy":"product_tag","embeddable":true,"href":"https:\/\/inwest-management.com\/en\/wp-json\/wp\/v2\/product_tag?post=2332"}],"curies":[{"name":"wp","href":"https:\/\/api.w.org\/{rel}","templated":true}]}}