{"id":2325,"date":"2025-11-17T09:49:33","date_gmt":"2025-11-17T08:49:33","guid":{"rendered":"https:\/\/inwest-management.com\/?post_type=product&#038;p=2325"},"modified":"2026-04-13T13:53:21","modified_gmt":"2026-04-13T11:53:21","slug":"pit-stop-kfz-service","status":"publish","type":"product","link":"https:\/\/inwest-management.com\/en\/product\/pit-stop-kfz-service\/","title":{"rendered":"PIT Stop Kfz-Service"},"content":{"rendered":"<p>Die Pitstop.de GmbH ist ein Unternehmen der deutschen Automobilindustrie, das Fahrzeuge aller Marken gem\u00e4\u00df den Herstellervorgaben repariert, wartet und serviciert. Das Filialnetz von Pitstop umfasst mehr als 300 Werkst\u00e4tten mit rund 1.200 Mitarbeitern. Der Mietvertrag l\u00e4uft bis 2034, ohne K\u00fcndigungsrecht bis zum 31.03.2024.<\/p>","protected":false},"excerpt":{"rendered":"<p>Die Pitstop.de GmbH ist ein Unternehmen der deutschen Automobilindustrie, das Fahrzeuge aller Marken gem\u00e4\u00df den Herstellervorgaben repariert, wartet und serviciert. Das Filialnetz von Pitstop umfasst mehr als 300 Werkst\u00e4tten mit rund 1.200 Mitarbeitern. Der Mietvertrag l\u00e4uft bis 2034, ohne K\u00fcndigungsrecht bis zum 31.03.2024.<\/p>","protected":false},"featured_media":2328,"comment_status":"open","ping_status":"closed","template":"","meta":{"_acf_changed":false,"_et_pb_use_builder":"off","_et_pb_old_content":"Die Immobilie ist vermietet. Mieter sind die Supermarkt-Kette Netto Marken-Discounter und KiK. Die derzeitigen Mietlaufzeiten betragen: Netto Marken-Discounter: 09\/2034, KiK: 09\/2029.","_et_gb_content_width":""},"product_brand":[],"product_cat":[21],"product_tag":[],"class_list":{"0":"post-2325","1":"product","2":"type-product","3":"status-publish","4":"has-post-thumbnail","6":"product_cat-kfz-servicezentren","8":"first","9":"instock","10":"shipping-taxable","11":"purchasable","12":"product-type-simple"},"acf":[],"_links":{"self":[{"href":"https:\/\/inwest-management.com\/en\/wp-json\/wp\/v2\/product\/2325","targetHints":{"allow":["GET"]}}],"collection":[{"href":"https:\/\/inwest-management.com\/en\/wp-json\/wp\/v2\/product"}],"about":[{"href":"https:\/\/inwest-management.com\/en\/wp-json\/wp\/v2\/types\/product"}],"replies":[{"embeddable":true,"href":"https:\/\/inwest-management.com\/en\/wp-json\/wp\/v2\/comments?post=2325"}],"wp:featuredmedia":[{"embeddable":true,"href":"https:\/\/inwest-management.com\/en\/wp-json\/wp\/v2\/media\/2328"}],"wp:attachment":[{"href":"https:\/\/inwest-management.com\/en\/wp-json\/wp\/v2\/media?parent=2325"}],"wp:term":[{"taxonomy":"product_brand","embeddable":true,"href":"https:\/\/inwest-management.com\/en\/wp-json\/wp\/v2\/product_brand?post=2325"},{"taxonomy":"product_cat","embeddable":true,"href":"https:\/\/inwest-management.com\/en\/wp-json\/wp\/v2\/product_cat?post=2325"},{"taxonomy":"product_tag","embeddable":true,"href":"https:\/\/inwest-management.com\/en\/wp-json\/wp\/v2\/product_tag?post=2325"}],"curies":[{"name":"wp","href":"https:\/\/api.w.org\/{rel}","templated":true}]}}