{"id":2297,"date":"2025-11-13T12:45:01","date_gmt":"2025-11-13T11:45:01","guid":{"rendered":"https:\/\/inwest-management.com\/?page_id=2297"},"modified":"2025-11-20T15:55:29","modified_gmt":"2025-11-20T14:55:29","slug":"faq-gewerbeimmobilien","status":"publish","type":"page","link":"https:\/\/inwest-management.com\/en\/faq-gewerbeimmobilien\/","title":{"rendered":"FAQ Gewerbeimmobilien"},"content":{"rendered":"<p>[et_pb_section fb_built=&#8221;1&#8243; custom_padding_last_edited=&#8221;on|phone&#8221; _builder_version=&#8221;4.27.4&#8243; _module_preset=&#8221;default&#8221; custom_margin=&#8221;0px||0px||false|false&#8221; custom_padding=&#8221;32px||120px||false|false&#8221; custom_padding_tablet=&#8221;180px||||false|false&#8221; custom_padding_phone=&#8221;120px||80px||false|false&#8221; global_colors_info=&#8221;{}&#8221;][et_pb_row _builder_version=&#8221;4.27.4&#8243; _module_preset=&#8221;default&#8221; width=&#8221;92%&#8221; width_tablet=&#8221;88%&#8221; width_phone=&#8221;84%&#8221; width_last_edited=&#8221;on|phone&#8221; max_width=&#8221;none&#8221; module_alignment=&#8221;center&#8221; custom_margin=&#8221;36px|auto|60px|auto|false|false&#8221; custom_margin_tablet=&#8221;||40px||false|false&#8221; custom_margin_phone=&#8221;0px||40px||false|false&#8221; custom_margin_last_edited=&#8221;on|phone&#8221; custom_padding=&#8221;0px||0px||false|false&#8221; locked=&#8221;off&#8221; global_colors_info=&#8221;{}&#8221;][et_pb_column type=&#8221;4_4&#8243; _builder_version=&#8221;4.27.4&#8243; _module_preset=&#8221;default&#8221; global_colors_info=&#8221;{}&#8221;][et_pb_text _builder_version=&#8221;4.27.4&#8243; _module_preset=&#8221;default&#8221; custom_margin=&#8221;0px||20px||false|false&#8221; custom_padding=&#8221;0px||0px||false|false&#8221; global_colors_info=&#8221;{}&#8221; min_height=&#8221;97.8px&#8221;]<\/p>\n<h2 style=\"text-align: center;\">FAQ<br \/>Gewerbe\u00ad\u00adimmobilien<\/h2>\n<p>[\/et_pb_text][et_pb_text _builder_version=&#8221;4.27.4&#8243; _module_preset=&#8221;default&#8221; text_orientation=&#8221;center&#8221; width_tablet=&#8221;60%&#8221; width_phone=&#8221;100%&#8221; width_last_edited=&#8221;on|desktop&#8221; module_alignment=&#8221;center&#8221; global_colors_info=&#8221;{}&#8221; min_height=&#8221;37.4px&#8221;]<\/p>\n<p>FAQ Gewerbeimmobilien in Deutschland, alles zum Kaufen und Verwaltung.<\/p>\n<p>[\/et_pb_text][\/et_pb_column][\/et_pb_row][et_pb_row _builder_version=&#8221;4.27.4&#8243; _module_preset=&#8221;default&#8221; width=&#8221;50%&#8221; width_tablet=&#8221;72%&#8221; width_phone=&#8221;84%&#8221; width_last_edited=&#8221;on|phone&#8221; max_width=&#8221;none&#8221; module_alignment=&#8221;center&#8221; custom_margin=&#8221;0px||0px||false|false&#8221; custom_padding=&#8221;0px||0px||false|false&#8221; global_colors_info=&#8221;{}&#8221; locked=&#8221;off&#8221;][et_pb_column type=&#8221;4_4&#8243; _builder_version=&#8221;4.27.4&#8243; _module_preset=&#8221;default&#8221; global_colors_info=&#8221;{}&#8221;][difl_faq close_icon_color=&#8221;#FFCC33&#8243; open_icon_color=&#8221;#FFCC33&#8243; faq_item_per_column_tablet=&#8221;2&#8243; faq_item_per_column_phone=&#8221;1&#8243; faq_item_per_column_last_edited=&#8221;on|desktop&#8221; _builder_version=&#8221;4.27.4&#8243; _module_preset=&#8221;default&#8221; border_color_left=&#8221;#FFCC33&#8243; border_color_bottom_faq_item_wrapper_border=&#8221;#FFCC33&#8243; global_colors_info=&#8221;{}&#8221; que_wrapper_bg_bgcolor__hover=&#8221;1px||||false|false&#8221; que_wrapper_bg_bgcolor__hover_enabled=&#8221;on|hover&#8221;][difl_faqitem question=&#8221;Wie kann ich eine Gewerbeimmobilie in Deutschland verwalten lassen?&#8221; question_title_tag=&#8221;h3&#8243; faq_item_wrapper_padding=&#8221;20px||||false|false&#8221; _builder_version=&#8221;4.27.4&#8243; global_colors_info=&#8221;{}&#8221; que_wrapper_bg_bgcolor__hover=&#8221;1px||||false|false&#8221; que_wrapper_bg_bgcolor__hover_enabled=&#8221;on|hover&#8221;]Spezialisierte Verwaltungsgesellschaften \u00fcbernehmen alle Aufgaben: juristisch, technisch, buchhalterisch und organisatorisch.[\/difl_faqitem][difl_faqitem question=&#8221;Muss ich ein Unternehmen gr\u00fcnden, um in Deutschland Immobilien zu kaufen?&#8221; question_title_tag=&#8221;h3&#8243; _builder_version=&#8221;4.27.4&#8243; global_colors_info=&#8221;{}&#8221; que_wrapper_bg_bgcolor__hover=&#8221;1px||||false|false&#8221; que_wrapper_bg_bgcolor__hover_enabled=&#8221;on|hover&#8221;]Nein, aber der Kauf \u00fcber eine GmbH ist steuerlich oft vorteilhafter. Die Gr\u00fcndung dauert nur einen Werktag \u2013 es werden lediglich Gr\u00fcndungsdokumente ben\u00f6tigt.[\/difl_faqitem][difl_faqitem question=&#8221;Kann ich Immobilien in Deutschland kaufen, ohne pers\u00f6nlich vor Ort zu sein?&#8221; question_title_tag=&#8221;h3&#8243; _builder_version=&#8221;4.27.4&#8243; global_colors_info=&#8221;{}&#8221; que_wrapper_bg_bgcolor__hover=&#8221;1px||||false|false&#8221; que_wrapper_bg_bgcolor__hover_enabled=&#8221;on|hover&#8221;]Ja. Es reicht eine notariell beglaubigte Vollmacht f\u00fcr unseren Vertreter. Diese muss in Ihrem Heimatland apostilliert und ins Deutsche \u00fcbersetzt werden.[\/difl_faqitem][difl_faqitem question=&#8221;Wann muss ich nach dem Kauf bezahlen?&#8221; question_title_tag=&#8221;h3&#8243; _builder_version=&#8221;4.27.4&#8243; global_colors_info=&#8221;{}&#8221; que_wrapper_bg_bgcolor__hover=&#8221;1px||||false|false&#8221; que_wrapper_bg_bgcolor__hover_enabled=&#8221;on|hover&#8221;]In der Regel erfolgt die Zahlung 3\u20134 Wochen nach Vertragsabschluss.[\/difl_faqitem][difl_faqitem question=&#8221;Welche Steuern fallen beim Immobilienkauf in Deutschland an?&#8221; question_title_tag=&#8221;h3&#8243; _builder_version=&#8221;4.27.4&#8243; global_colors_info=&#8221;{}&#8221; que_wrapper_bg_bgcolor__hover=&#8221;1px||||false|false&#8221; que_wrapper_bg_bgcolor__hover_enabled=&#8221;on|hover&#8221;]<\/p>\n<ul>\n<li>Grunderwerbsteuer: Einmalig zwischen 3,5\u202f% und 6,5\u202f% (je nach Bundesland)<\/li>\n<li>Grundsteuer: Wird meist vom Mieter getragen<\/li>\n<\/ul>\n<p>[\/difl_faqitem][difl_faqitem question=&#8221;Welche laufenden Kosten habe ich nach dem Kauf?&#8221; question_title_tag=&#8221;h3&#8243; _builder_version=&#8221;4.27.4&#8243; global_colors_info=&#8221;{}&#8221; que_wrapper_bg_bgcolor__hover=&#8221;1px||||false|false&#8221; que_wrapper_bg_bgcolor__hover_enabled=&#8221;on|hover&#8221;]In der Regel tr\u00e4gt der Eigent\u00fcmer die Verwaltungskosten und die technische Instandhaltung. H\u00e4ufig werden diese an den Mieter weitergegeben.[\/difl_faqitem][difl_faqitem question=&#8221;Wie funktioniert der Wiederverkauf einer Immobilie?&#8221; question_title_tag=&#8221;h3&#8243; _builder_version=&#8221;4.27.4&#8243; global_colors_info=&#8221;{}&#8221; que_wrapper_bg_bgcolor__hover=&#8221;1px||||false|false&#8221; que_wrapper_bg_bgcolor__hover_enabled=&#8221;on|hover&#8221;]Bei einer gut gew\u00e4hlten und liquiden Immobilie ist der Wiederverkauf unkompliziert. InWest unterst\u00fctzt Sie dabei z\u00fcgig und zu attraktiven Konditionen.[\/difl_faqitem][\/difl_faq][\/et_pb_column][\/et_pb_row][\/et_pb_section][et_pb_section fb_built=&#8221;1&#8243; _builder_version=&#8221;4.27.4&#8243; _module_preset=&#8221;default&#8221; use_background_color_gradient=&#8221;on&#8221; background_color_gradient_stops=&#8221;rgba(0,0,0,0.25) 0%|rgba(0,0,0,0.75) 100%&#8221; background_color_gradient_overlays_image=&#8221;on&#8221; background_image=&#8221;https:\/\/inwest-management.com\/wp-content\/uploads\/2025\/10\/inwest-modellstadt-immobilien-scaled.webp&#8221; parallax=&#8221;on&#8221; height=&#8221;400px&#8221; height_tablet=&#8221;280px&#8221; height_phone=&#8221;200px&#8221; height_last_edited=&#8221;on|phone&#8221; locked=&#8221;off&#8221; global_colors_info=&#8221;{}&#8221;][\/et_pb_section]<\/p>","protected":false},"excerpt":{"rendered":"<p>FAQGewerbe\u00ad\u00adimmobilienFAQ Gewerbeimmobilien in Deutschland, alles zum Kaufen und Verwaltung.<div class=\"et_pb_with_border et_pb_module difl_faq difl_faq_0\">\n\t\t\t\t\n\t\t\t\t\n\t\t\t\t\n\t\t\t\t\n\t\t\t\t\n\t\t\t\t\n\t\t\t\t<div class=\"et_pb_module_inner\">\n\t\t\t\t\t<div class=\"df_faq_wrapper\" data-settings='{\"faq_layout\":\"accordion\",\"activate_on_first_time\":\"off\",\"active_item_order_number\":0,\"faq_animation\":\"slide\",\"faq_anime_duration\":\"300\",\"icon_animation\":\"fade\",\"que_img_animation\":\"fade\",\"content_animation_type\":\"fade_in\",\"content_anime_duration\":\"250\",\"order_class\":\"difl_faq_0\",\"faq_layout_grid\":\"off\",\"faq_item_per_column\":\"2\",\"faq_item_per_column_tablet\":\"2\",\"faq_item_per_column_phone\":\"1\"}'><\/div>\n            \n\t\t\t\t<\/div>\n\t\t\t<\/div><div class=\"et_pb_module difl_faqitem difl_faqitem_0\">\n\t\t\t\t\n\t\t\t\t\n\t\t\t\t\n\t\t\t\t\n\t\t\t\t\n\t\t\t\t\n\t\t\t\t<div class=\"et_pb_module_inner\">\n\t\t\t\t\t<div class=\"df_faq_item\" data-settings='{\"hide_faq_item\":\"\"}'>\n                <div class=\"faq_question_wrapper\">\n                <div class=\"faq_question_area\">\n                    \n                    <div class=\"faq_question\"><h3 class=\"faq_question_title\">Wie kann ich eine Gewerbeimmobilie in Deutschland verwalten lassen?<\/h3><\/div>\n                <\/div>\n                <div class=\"faq_icon\"><div class=\"close_icon\"><span class=\"et-pb-icon\">&#x33;<\/span><\/div>\n                <div class=\"open_icon\"><span class=\"et-pb-icon\">&#x32;<\/span><\/div><\/div>\n            <\/div>\n          \n                <div class=\"faq_answer_wrapper\">\n                <div class=\"faq_answer_area\">\n                   <div class=\"faq_content\">\n                        <div class=\"faq_answer\"><div>Spezialisierte Verwaltungsgesellschaften \u00fcbernehmen alle Aufgaben: juristisch, technisch, buchhalterisch und organisatorisch.<\/div> <\/div>\n                        \n                   <\/div>\n                <\/div>\n            <\/div>\n            <\/div>\n\t\t\t\t<\/div>\n\t\t\t<\/div><div class=\"et_pb_module difl_faqitem difl_faqitem_1\">\n\t\t\t\t\n\t\t\t\t\n\t\t\t\t\n\t\t\t\t\n\t\t\t\t\n\t\t\t\t\n\t\t\t\t<div class=\"et_pb_module_inner\">\n\t\t\t\t\t<div class=\"df_faq_item\" data-settings='{\"hide_faq_item\":\"\"}'>\n                <div class=\"faq_question_wrapper\">\n                <div class=\"faq_question_area\">\n                    \n                    <div class=\"faq_question\"><h3 class=\"faq_question_title\">&#8221;Muss<\/h3><\/div>\n                <\/div>\n                <div class=\"faq_icon\"><div class=\"close_icon\"><span class=\"et-pb-icon\">&#x33;<\/span><\/div>\n                <div class=\"open_icon\"><span class=\"et-pb-icon\">&#x32;<\/span><\/div><\/div>\n            <\/div>\n          \n                <div class=\"faq_answer_wrapper\">\n                <div class=\"faq_answer_area\">\n                   <div class=\"faq_content\">\n                        \n                        \n                   <\/div>\n                <\/div>\n            <\/div>\n            <\/div>\n\t\t\t\t<\/div>\n\t\t\t<\/div><\/p>","protected":false},"author":2,"featured_media":0,"parent":0,"menu_order":0,"comment_status":"closed","ping_status":"closed","template":"","meta":{"_acf_changed":false,"_et_pb_use_builder":"on","_et_pb_old_content":"<!-- wp:divi\/placeholder \/-->","_et_gb_content_width":"","footnotes":""},"difl_page_category":[],"class_list":["post-2297","page","type-page","status-publish","hentry"],"acf":[],"_links":{"self":[{"href":"https:\/\/inwest-management.com\/en\/wp-json\/wp\/v2\/pages\/2297","targetHints":{"allow":["GET"]}}],"collection":[{"href":"https:\/\/inwest-management.com\/en\/wp-json\/wp\/v2\/pages"}],"about":[{"href":"https:\/\/inwest-management.com\/en\/wp-json\/wp\/v2\/types\/page"}],"author":[{"embeddable":true,"href":"https:\/\/inwest-management.com\/en\/wp-json\/wp\/v2\/users\/2"}],"replies":[{"embeddable":true,"href":"https:\/\/inwest-management.com\/en\/wp-json\/wp\/v2\/comments?post=2297"}],"version-history":[{"count":0,"href":"https:\/\/inwest-management.com\/en\/wp-json\/wp\/v2\/pages\/2297\/revisions"}],"wp:attachment":[{"href":"https:\/\/inwest-management.com\/en\/wp-json\/wp\/v2\/media?parent=2297"}],"wp:term":[{"taxonomy":"difl_page_category","embeddable":true,"href":"https:\/\/inwest-management.com\/en\/wp-json\/wp\/v2\/difl_page_category?post=2297"}],"curies":[{"name":"wp","href":"https:\/\/api.w.org\/{rel}","templated":true}]}}